{"id":1354,"date":"2014-09-22T13:35:34","date_gmt":"2014-09-22T21:35:34","guid":{"rendered":"http:\/\/www.auval.com.mx\/notas\/?page_id=1354"},"modified":"2026-04-08T15:38:13","modified_gmt":"2026-04-08T22:38:13","slug":"contacto","status":"publish","type":"page","link":"https:\/\/auval.com.mx\/blog\/en\/contacto\/","title":{"rendered":"Contacto"},"content":{"rendered":"<p>Estamos para atenderte, ll\u00e1manos o escr\u00edbenos<\/p>\n<table border=\"0\" width=\"800\" cellspacing=\"10\" cellpadding=\"10\">\n<tbody>\n<tr>\n<td align=\"left\"><strong>Tel\u00e9fono<\/strong><\/td>\n<td>(664)\u00a0976-1685<\/td>\n<\/tr>\n<tr>\n<td align=\"left\" width=\"109\"><strong>E-mail<\/strong><\/td>\n<td width=\"300\"><a href=\"mailto:in**@*******om.mx\" data-original-string=\"ynCkkNHOYUFPBqS2d+g0Mw==63elZndFykWo8G+DCJfx59FvyJ98Ysdt5niU1w7jd5v3pw=\" title=\"This contact has been encoded by Anti-Spam by CleanTalk. Click to decode. To finish the decoding make sure that JavaScript is enabled in your browser.\"><span \n                data-original-string='HEtmqc8oq2O7LlXLC7zVbg==63e+0LIbTWoilkNqMEI5dksUaQfDWeDMgN2nAPcfjveVnQ='\n                class='apbct-email-encoder'\n                title='This contact has been encoded by Anti-Spam by CleanTalk. Click to decode. To finish the decoding make sure that JavaScript is enabled in your browser.'>in<span class=\"apbct-blur\">**<\/span>@<span class=\"apbct-blur\">*******<\/span>om.mx<\/span><\/a><\/td>\n<\/tr>\n<\/tbody>\n<\/table>\n<p>Tambi\u00e9n puedes comunicarte con nosotros dejando un comentario y en breve nos comunicaremos contigo. El correo usado al registrarse para el comentario no ser\u00e1 visible en la p\u00e1gina.<\/p>\n\n\n<p><\/p>\n","protected":false},"excerpt":{"rendered":"<p>Estamos para atenderte, ll\u00e1manos o escr\u00edbenos Tel\u00e9fono (664)\u00a0976-1685 E-mail in**@*******om.mx Tambi\u00e9n puedes comunicarte con nosotros dejando un comentario y en breve nos comunicaremos contigo. El correo usado al registrarse para el comentario no ser\u00e1 visible en la p\u00e1gina.<\/p>\n","protected":false},"author":1,"featured_media":0,"parent":0,"menu_order":0,"comment_status":"open","ping_status":"closed","template":"","meta":{"footnotes":""},"class_list":["post-1354","page","type-page","status-publish","hentry"],"_links":{"self":[{"href":"https:\/\/auval.com.mx\/blog\/en\/wp-json\/wp\/v2\/pages\/1354","targetHints":{"allow":["GET"]}}],"collection":[{"href":"https:\/\/auval.com.mx\/blog\/en\/wp-json\/wp\/v2\/pages"}],"about":[{"href":"https:\/\/auval.com.mx\/blog\/en\/wp-json\/wp\/v2\/types\/page"}],"author":[{"embeddable":true,"href":"https:\/\/auval.com.mx\/blog\/en\/wp-json\/wp\/v2\/users\/1"}],"replies":[{"embeddable":true,"href":"https:\/\/auval.com.mx\/blog\/en\/wp-json\/wp\/v2\/comments?post=1354"}],"version-history":[{"count":2,"href":"https:\/\/auval.com.mx\/blog\/en\/wp-json\/wp\/v2\/pages\/1354\/revisions"}],"predecessor-version":[{"id":1952,"href":"https:\/\/auval.com.mx\/blog\/en\/wp-json\/wp\/v2\/pages\/1354\/revisions\/1952"}],"wp:attachment":[{"href":"https:\/\/auval.com.mx\/blog\/en\/wp-json\/wp\/v2\/media?parent=1354"}],"curies":[{"name":"wp","href":"https:\/\/api.w.org\/{rel}","templated":true}]}}