{"id":1368,"date":"2014-09-22T14:14:47","date_gmt":"2014-09-22T22:14:47","guid":{"rendered":"http:\/\/www.auval.com.mx\/notas\/?page_id=1368"},"modified":"2022-04-12T11:06:57","modified_gmt":"2022-04-12T18:06:57","slug":"articulos","status":"publish","type":"page","link":"https:\/\/auval.com.mx\/blog\/en\/articulos\/","title":{"rendered":"Art\u00edculos"},"content":{"rendered":"<form role=\"search\" method=\"get\" action=\"https:\/\/auval.com.mx\/blog\/en\/\" class=\"wp-block-search__button-outside wp-block-search__text-button wp-block-search\"    ><label class=\"wp-block-search__label\" for=\"wp-block-search__input-1\" >Buscar<\/label><div class=\"wp-block-search__inside-wrapper\" ><input class=\"wp-block-search__input\" id=\"wp-block-search__input-1\" placeholder=\"\" value=\"\" type=\"search\" name=\"s\" required \/><button aria-label=\"Buscar\" class=\"wp-block-search__button wp-element-button\" type=\"submit\" >Buscar<\/button><\/div><\/form>\n\n<ul class=\"wp-block-latest-posts__list wp-block-latest-posts\"><li><a class=\"wp-block-latest-posts__post-title\" href=\"https:\/\/auval.com.mx\/blog\/en\/2022\/08\/03\/como-calcular-las-semanas-de-inventario-con-power-query-y-power-pivot\/\">C\u00f3mo calcular las semanas de inventario con Power Query y Power Pivot<\/a><\/li>\n<li><a class=\"wp-block-latest-posts__post-title\" href=\"https:\/\/auval.com.mx\/blog\/en\/2020\/10\/18\/encontrar-el-objeto-activo-en-power-point\/\">Encontrar el objeto activo en Power Point<\/a><\/li>\n<li><a class=\"wp-block-latest-posts__post-title\" href=\"https:\/\/auval.com.mx\/blog\/en\/2020\/08\/05\/macro-para-actualizar-refrescar-power-query-y-power-pivot-en-excel\/\">Macro para actualizar (refrescar) Power Query y Power Pivot en Excel.<\/a><\/li>\n<li><a class=\"wp-block-latest-posts__post-title\" href=\"https:\/\/auval.com.mx\/blog\/en\/2019\/05\/07\/macro-para-abrir-y-cerrar-todos-los-archivos-de-un-directorio\/\">Macro para abrir y cerrar todos los archivos de un directorio<\/a><\/li>\n<li><a class=\"wp-block-latest-posts__post-title\" href=\"https:\/\/auval.com.mx\/blog\/en\/2019\/04\/22\/calendario-en-power-query\/\">Calendario en Power Query<\/a><\/li>\n<li><a class=\"wp-block-latest-posts__post-title\" href=\"https:\/\/auval.com.mx\/blog\/en\/2018\/10\/13\/codigo-para-buscar-un-registro-con-un-combo-en-access\/\">C\u00f3digo para buscar un registro con un combo en Access<\/a><\/li>\n<li><a class=\"wp-block-latest-posts__post-title\" href=\"https:\/\/auval.com.mx\/blog\/en\/2018\/08\/01\/como-preparar-un-archivo-para-hacer-una-tabla-dinamica\/\">C\u00f3mo preparar un archivo para hacer una tabla din\u00e1mica<\/a><\/li>\n<li><a class=\"wp-block-latest-posts__post-title\" href=\"https:\/\/auval.com.mx\/blog\/en\/2018\/07\/17\/como-forzar-la-fecha-de-excel-a-aparecer-en-ingles-o-espanol\/\">C\u00f3mo forzar la fecha de Excel a aparecer en ingl\u00e9s o espa\u00f1ol<\/a><\/li>\n<li><a class=\"wp-block-latest-posts__post-title\" href=\"https:\/\/auval.com.mx\/blog\/en\/2017\/09\/11\/como-mapear-un-disco-de-red-a-un-folder-loca\/\">C\u00f3mo mapear un disco de red a un f\u00f3lder local.<\/a><\/li>\n<li><a class=\"wp-block-latest-posts__post-title\" href=\"https:\/\/auval.com.mx\/blog\/en\/2017\/07\/04\/como-hacer-un-vlookup-buscarv-para-traer-nombre-completo-de-los-alumnos\/\">C\u00f3mo hacer un VLOOKUP \/ BUSCARV para traer nombre completo de los alumnos.<\/a><\/li>\n<\/ul>","protected":false},"excerpt":{"rendered":"","protected":false},"author":1,"featured_media":0,"parent":0,"menu_order":0,"comment_status":"closed","ping_status":"closed","template":"","meta":{"footnotes":""},"class_list":["post-1368","page","type-page","status-publish","hentry"],"_links":{"self":[{"href":"https:\/\/auval.com.mx\/blog\/en\/wp-json\/wp\/v2\/pages\/1368","targetHints":{"allow":["GET"]}}],"collection":[{"href":"https:\/\/auval.com.mx\/blog\/en\/wp-json\/wp\/v2\/pages"}],"about":[{"href":"https:\/\/auval.com.mx\/blog\/en\/wp-json\/wp\/v2\/types\/page"}],"author":[{"embeddable":true,"href":"https:\/\/auval.com.mx\/blog\/en\/wp-json\/wp\/v2\/users\/1"}],"replies":[{"embeddable":true,"href":"https:\/\/auval.com.mx\/blog\/en\/wp-json\/wp\/v2\/comments?post=1368"}],"version-history":[{"count":2,"href":"https:\/\/auval.com.mx\/blog\/en\/wp-json\/wp\/v2\/pages\/1368\/revisions"}],"predecessor-version":[{"id":1919,"href":"https:\/\/auval.com.mx\/blog\/en\/wp-json\/wp\/v2\/pages\/1368\/revisions\/1919"}],"wp:attachment":[{"href":"https:\/\/auval.com.mx\/blog\/en\/wp-json\/wp\/v2\/media?parent=1368"}],"curies":[{"name":"wp","href":"https:\/\/api.w.org\/{rel}","templated":true}]}}