{"id":355,"date":"2011-05-06T08:23:57","date_gmt":"2011-05-06T16:23:57","guid":{"rendered":"http:\/\/www.auval.com.mx\/notas\/?page_id=355"},"modified":"2011-05-06T08:23:57","modified_gmt":"2011-05-06T16:23:57","slug":"comentarios","status":"publish","type":"page","link":"https:\/\/auval.com.mx\/blog\/en\/comentarios\/","title":{"rendered":"Comentarios"},"content":{"rendered":"<p>Estos son algunos comentarios de personas que han tomado nuestros cursos o participado en nuestras asesor\u00edas. Al final encontrar\u00e1 el campo para colocar comentarios. Tuvimos que pedir los datos de correo, que solamente usaremos para contestar sus dudas de ser necesario, porque est\u00e1bamos recibiendo mucho spam cuando estaba libre. Le agradecemos sus comentarios.<\/p>\n<p><strong><span style=\"color: #ff6600;\">Lizeth Jim\u00e9nez<\/span><\/strong><br \/>\n<strong><span style=\"color: #ff6600;\">Protecci\u00f3n Patrimonial Gesti\u00f3n Noroeste \/ FEMSA <\/span><\/strong><\/p>\n<p><strong><\/strong>Este curso es muy completo, entretenido e interesante ya que con \u00e9l tengo un mejor desarrollo en mi trabajo diario. \u00a0El instructor tiene completo dominio y facilidad para transmitir el tema, es paciente lo que te da gran seguridad. Con este curso me di cuenta de que existen m\u00e1s herramientas que me pueden reducir el tiempo de unas horas a minutos de trabajo. En lo personal la din\u00e1mica es muy buena y el apoyo del instructor es la base de su \u00e9xito ya que no solo te apoya durante el curso, sino despu\u00e9s de este, te ayudar\u00e1 a aclarar m\u00e1s dudas por correo y \u00a0continuamente te est\u00e1 retroalimentando de informaci\u00f3n en su p\u00e1gina.<\/p>\n<p><strong><span style=\"color: #ff6600;\">Fernando Valenzuela<\/span><\/strong><br \/>\n<strong><span style=\"color: #ff6600;\">Facilities Engineer \/ CPG AUTOLITE<\/span><\/strong><br \/>\n\u201cla informaci\u00f3n que obtuvimos del entrenamiento el s\u00e1bado pasado nos va hacer \u00fatil para poder manipular la informaci\u00f3n que manejamos dentro del area de mantenimiento de la planta. Por lo que te externamos nuestro agradecimiento, por el tiempo y la paciencia invertidos. \u201d<\/p>\n<p><strong><span style=\"color: #ff6600;\">Erik Rend\u00f3n<\/span><\/strong><br \/>\n<strong><span style=\"color: #ff6600;\">Kyomex<\/span><\/strong><br \/>\n\u201cEl curso estuvo muy entretenido, el enfoque es completamente pr\u00e1ctico, con ejemplos reales y com\u00fanmente utilizados. La verdad es que qued\u00e9 muy satisfecho con todo: el lugar, el instructor, el material, din\u00e1mica de grupo, etc. Pero, en mi opini\u00f3n, lo que realmente marca la diferencia es la confianza de saber que si uno tiene un problema con lo aprendido, basta un correo para que Armando [el instructor] amablemente me ayude con la duda. En fin, excelente.\u201d<\/p>\n<p><strong><span style=\"color: #ff6600;\">Diana I. Castellanos Ll.<\/span><\/strong><br \/>\n<strong><span style=\"color: #ff6600;\">Aux. Import\/Export \/ Landsberg<\/span><\/strong><br \/>\n\u201cTuve la oportunidad de asistir a los dos cursos de Excel (Excel para negocios y Macros pr\u00e1cticas), han sido de gran utilidad para mi trabajo. Elaboro reportes que anteriormente me llevaban alrededor de 30 minutos, ahora los realizo en minutos (en 5 min. o menos) utilizando Macros y aplicando lo que aprend\u00ed en estos cursos. El instructor tiene paciencia para explicar y se da el tiempo para ir al paso de cada quien, siempre asegur\u00e1ndose que todos entiendan el tema y\/o pr\u00e1ctica que se est\u00e1 elaborando.\u201d<\/p>\n<p><strong><span style=\"color: #ff6600;\">Mayra Ruiz<\/span><\/strong><br \/>\n<strong><span style=\"color: #ff6600;\">Asistente Administraci\u00f3n y Finanzas \/ CETYS Tijuana<\/span><\/strong><br \/>\n\u201cla empresa me apoy\u00f3 con dos cursos que dio AUVAL, del cual asist\u00ed a Excel para Negocios y Macros, me han ayudado mucho, tanto en mi trabajo, en lo personal me ayud\u00f3 a retroalimentaci\u00f3n. Hab\u00eda algunos trucos que pod\u00eda hacer pero no me acordaba, con este curso volv\u00ed a recordarlo y a implantarlo en mi trabajo. Adem\u00e1s el instructor tuvo paciencia para explicar y sabe sobre lo que est\u00e1 ense\u00f1ando, ya que algunas veces no nos sal\u00eda igual, jajaja pero bueno siempre nos esperaba para [avanzar] iguales todos juntos, del cual aprendimos mucho. \u201d<\/p>\n<p><strong><span style=\"color: #ff6600;\">Heidy P\u00e9rez Aguilera<\/span><\/strong><br \/>\n<strong><span style=\"color: #ff6600;\">Entrenamiento \/ CST-T<\/span><\/strong><br \/>\nMuy \u00fatil.<\/p>\n<p><strong><span style=\"color: #ff6600;\">Carmen Sol\u00eds Lara<\/span><\/strong><br \/>\n<strong><span style=\"color: #ff6600;\">Producci\u00f3n \/ CST-T<\/span><\/strong><br \/>\nBuena instrucci\u00f3n, amabilidad y disposici\u00f3n de ense\u00f1ar, buen ambiente de equipo.<\/p>\n<p><strong><span style=\"color: #ff6600;\">Javier Pastrana D.<\/span><\/strong><br \/>\n<strong><span style=\"color: #ff6600;\">Program Planning and Control \/ Honeywell<\/span><\/strong><br \/>\nUn curso que aporta excelentes ideas para explotar las potentes prestaciones de las macros de manera creativa, con ejemplos pr\u00e1cticos y realistas, muy recomendable.<\/p>\n<p><strong><span style=\"color: #ff6600;\">Claudia Barreras<\/span><\/strong><br \/>\n<strong><span style=\"color: #ff6600;\">Log\u00edstica \/ Christmas Business de M\u00e9xico<\/span><\/strong><br \/>\nMe pareci\u00f3 excelente la manera de explicar del instructor as\u00ed como los temas vistos.<\/p>\n<p><strong><span style=\"color: #ff6600;\">Alicia Robledo<\/span><\/strong><br \/>\n<strong><span style=\"color: #ff6600;\">Sistemas \/ Central Detallista (Calimax)<\/span><\/strong><br \/>\n\u201cTomar un curso siempre abre la visi\u00f3n, se aclaran dudas y se utiliza la herramienta en forma m\u00e1s eficiente\u201d Mi experiencia en el curso de Excel 2007, aunque fue el b\u00e1sico, me permiti\u00f3 aclarar el panorama de la nueva filosof\u00eda de Office para administrar archivos y hacer m\u00e1s eficiente el proceso de manejo de datos para an\u00e1lisis por medio de un manejo de concentrados y la facilidad de manejo de gr\u00e1ficas.<\/p>\n<p><strong><span style=\"color: #ff6600;\">Omar L\u00f3pez-Ruiz<\/span><\/strong><br \/>\n<strong><span style=\"color: #ff6600;\">Operaciones y Log\u00edstica \/ Telefon\u00eda P\u00fablica<\/span><\/strong><br \/>\n\u201cAprovecho este medio para darte agradecerte de forma personal y a nombre de BBG, el curso que nos impartiste, fue muy enriquecedor y positivo para nosotros.\u201d<\/p>\n<p><strong><span style=\"color: #ff6600;\">Benjamin Philips<\/span><\/strong><br \/>\n<strong><span style=\"color: #ff6600;\">Manager of Internal Audit \/ Fender Musical Instruments<\/span><\/strong><br \/>\n\u201c\u2026 altamente competente con un r\u00e9cord comprobable de logros en las \u00e1reas de compras, software ERP y administraci\u00f3n de proyectos. Aporta habilidades t\u00e9cnicas y organizativas considerables en su enfoque de negocio. Combina una fuerte formaci\u00f3n en sistemas, conocimiento acad\u00e9mico, habilidades l\u00f3gicas impecables y una formidable habilidad de resoluci\u00f3n de problemas para a\u00f1adir valor y desarrollar soluciones creativas donde otros pueden fallar\u2026\u201d<\/p>\n<p><strong><span style=\"color: #ff6600;\">Ricardo Castro<\/span><\/strong><br \/>\n<strong><span style=\"color: #ff6600;\">Gerente de Proyectos \/ Grupo PiSA<\/span><\/strong><br \/>\n\u201c\u2026 tienen mucha experiencia en implementaciones ERP y procesos MRP y de Compras. Han administrado proyectos exitosos con un fuerte enfoque del tipo \u201cmanos a la obra\u201d en diversas industrias y compa\u00f1\u00edas. Tambi\u00e9n aportan un an\u00e1lisis confiable y desempe\u00f1o en tareas estrat\u00e9gicas\u2026\u201d<\/p>\n<p><strong><span style=\"color: #ff6600;\">Ernesto Soto<\/span><\/strong><br \/>\n<strong><span style=\"color: #ff6600;\">Sales Manager \/ HP Globalsysco<\/span><\/strong><br \/>\n\u201c&#8230;poseen una gran experiencia con un alto grado de enfoque a resultados, prestando gran atenci\u00f3n en los detalles, fortaleciendo as\u00ed su gran capacidad de an\u00e1lisis en proyectos complejos. Siempre dispuestos a escuchar y a generar aportaciones de valor en cada interacci\u00f3n, lo cual los vuelve contundentes al momento de presentar resultados.\u201d<\/p>\n","protected":false},"excerpt":{"rendered":"<p>Estos son algunos comentarios de personas que han tomado nuestros cursos o participado en nuestras asesor\u00edas. Al final encontrar\u00e1 el campo para colocar comentarios. Tuvimos que pedir los datos de correo, que solamente usaremos para contestar sus dudas de ser &hellip;<\/p>\n<p class=\"read-more\"> <a class=\"more-link\" href=\"https:\/\/auval.com.mx\/blog\/en\/comentarios\/\"> <span class=\"screen-reader-text\">Comentarios<\/span> Read More &raquo;<\/a><\/p>\n","protected":false},"author":1,"featured_media":0,"parent":0,"menu_order":0,"comment_status":"open","ping_status":"closed","template":"","meta":{"footnotes":""},"class_list":["post-355","page","type-page","status-publish","hentry"],"_links":{"self":[{"href":"https:\/\/auval.com.mx\/blog\/en\/wp-json\/wp\/v2\/pages\/355","targetHints":{"allow":["GET"]}}],"collection":[{"href":"https:\/\/auval.com.mx\/blog\/en\/wp-json\/wp\/v2\/pages"}],"about":[{"href":"https:\/\/auval.com.mx\/blog\/en\/wp-json\/wp\/v2\/types\/page"}],"author":[{"embeddable":true,"href":"https:\/\/auval.com.mx\/blog\/en\/wp-json\/wp\/v2\/users\/1"}],"replies":[{"embeddable":true,"href":"https:\/\/auval.com.mx\/blog\/en\/wp-json\/wp\/v2\/comments?post=355"}],"version-history":[{"count":0,"href":"https:\/\/auval.com.mx\/blog\/en\/wp-json\/wp\/v2\/pages\/355\/revisions"}],"wp:attachment":[{"href":"https:\/\/auval.com.mx\/blog\/en\/wp-json\/wp\/v2\/media?parent=355"}],"curies":[{"name":"wp","href":"https:\/\/api.w.org\/{rel}","templated":true}]}}