{"id":1222,"date":"2013-05-07T15:24:00","date_gmt":"2013-05-07T23:24:00","guid":{"rendered":"http:\/\/www.auval.com.mx\/notas\/?page_id=1222"},"modified":"2013-05-07T15:24:00","modified_gmt":"2013-05-07T23:24:00","slug":"aviso-de-privacidad","status":"publish","type":"page","link":"https:\/\/auval.com.mx\/blog\/aviso-de-privacidad\/","title":{"rendered":"Aviso de privacidad"},"content":{"rendered":"<p align=\"center\"><b>AVISO DE PRIVACIDAD DE DATOS PERSONALES<\/b><\/p>\n<p>Performance Focus and Development SC (Auval) est\u00e1 comprometido con la protecci\u00f3n de sus datos personales, al ser responsable de su uso, manejo y confidencialidad, en apego a la Ley Federal de Protecci\u00f3n de Datos Personales en Posesi\u00f3n de los Particulares.<br \/>\nPara Auval, es necesaria la recopilaci\u00f3n de ciertos datos personales para llevar a cabo las actividades intr\u00ednsecas a nuestro giro comercial.\u00a0 Por lo anterior, le recomendamos que lea atentamente la siguiente informaci\u00f3n:<\/p>\n<ul>\n<li><b>DATOS DEL RESPONSABLE: <\/b>Performance Focus and Development SC, con domicilio comercial en el 4to piso del Edificio VIA Corporativo, Misi\u00f3n de San Javier no. 10643 Zona R\u00edo, Tijuana, BC.<\/li>\n<li><b>DATOS PERSONALES QUE SOLICITAMOS: <\/b>los datos personales que le solicitamos son necesarios para la realizaci\u00f3n de los servicios, proyectos y operaciones que trabajemos en conjunto: <b>Datos de identificaci\u00f3n<\/b> (Nombre completo, direcci\u00f3n, tel\u00e9fono, firma, RFC, CURP). <b>Datos laborales<\/b> (Ocupaci\u00f3n, puesto, \u00e1rea o departamento). <b>Datos patrimoniales<\/b> (cuentas bancarias, informaci\u00f3n de tarjetas de cr\u00e9dito).<\/li>\n<li><b>\u00bfPARA QUE USAMOS SUS DATOS?<\/b> Necesitamos los datos personales que le solicitamos para verificar su identidad; administrar y llevar a cabo los servicios y productos que nos solicita o adquiere, y para cumplir con las obligaciones legales y fiscales relacionadas, como se menciona (sin limitarse a) lo siguiente:<\/li>\n<\/ul>\n<ul>\n<li style=\"list-style-type: none;\">\n<ul>\n<li>Para conservar una base de datos de nuestros clientes, y as\u00ed poder elaborar las facturas, diplomas, formatos DC3\u00a0 cumpliendo con las regulaciones fiscales y legales (cuando as\u00ed aplique), as\u00ed como asegurar la calidad en nuestros servicios.<\/li>\n<li>Proveer y entregar los servicios y productos requeridos por en un domicilio diferente a nuestras instalaciones (cuando aplique).<\/li>\n<li>Evaluar y mejorar la calidad de nuestros productos y servicios.<\/li>\n<li>Informarle a Usted de nuevos productos, servicios y promociones que pudieran ser de su beneficio, as\u00ed como informar en tiempo y forma de cualquier cambio relacionado con el producto o servicio solicitado, contratado o adquirido.<\/li>\n<li>Darle seguimiento a sus consultas, quejas y reclamaciones;<\/li>\n<li>Contactarlo para revisar cualquier tema relacionado con nuestros productos y servicios o relacionado con el presente Aviso de Privacidad.<\/li>\n<\/ul>\n<\/li>\n<li><b>CON QUIEN COMPARTIMOS SUS DATOS PERSONALES<\/b>: AUVAL podr\u00e1 comunicar sus datos personales atendiendo requerimientos de informaci\u00f3n de las autoridades competentes.\u00a0 En cualquier caso, comunicaremos el presente aviso de privacidad a los destinatarios de sus datos personales, a fin de que se respeten los mismos.<\/li>\n<li><b>MEDIOS PARA EJERCER LOS DERECHOS ARCO:<\/b> Conforme a la Ley Federal de Protecci\u00f3n de Datos Personales en Posesi\u00f3n de Particulares, Usted podr\u00e1 ejercer sus derechos de acceso, rectificaci\u00f3n, cancelaci\u00f3n y oposici\u00f3n (Derechos ARCO) a trav\u00e9s de la siguiente clave de correo <span \n                data-original-string='YyjsHOaCNLFAaVuVhZIuCA==63eZDEmho7S46LS9byYHats3lUTbgoTMiWOi57kfKLlkt4='\n                class='apbct-email-encoder'\n                title='Este contacto ha sido codificado por Anti-Spam by CleanTalk. Haz clic para decodificar. Para finalizar la decodificaci\u00f3n, aseg\u00farate de que JavaScript est\u00e1 activado en tu navegador.'>in<span class=\"apbct-blur\">**<\/span>@<span class=\"apbct-blur\">*******<\/span>om.mx<\/span>, o comunic\u00e1ndose al tel\u00e9fono 01 664 976-1685.<\/li>\n<li><b>NEGATIVA DE USO DE DATOS PERSONALES:<\/b> Usted tiene derecho de acceder, rectificar y cancelar sus datos personales, as\u00ed como de oponerse al tratamiento de los mismos o revocar el consentimiento que para tal fin nos haya otorgado, a trav\u00e9s de los procedimientos que hemos implementado. Para conocer dichos procedimientos, los requisitos y plazos, se puede poner en contacto con nuestro departamento de datos personales en <a href=\"mailto:in**@*******om.mx\" data-original-string=\"tF5Zb8Wtgb+a1DwBmvo3ag==63eghrv28upgv3AAz2DL+f\/CoGdCEdYEEFux7vHhHzgiPA=\" title=\"Este contacto ha sido codificado por Anti-Spam by CleanTalk. Haz clic para decodificar. Para finalizar la decodificaci\u00f3n, aseg\u00farate de que JavaScript est\u00e1 activado en tu navegador.\"><span \n                data-original-string='2QPt7iA30jfUuV1WCrbTrg==63erspjl4pGsoI8Mf3ELEv8uDfq2diSTLkeQ2ZsJ51d+ko='\n                class='apbct-email-encoder'\n                title='Este contacto ha sido codificado por Anti-Spam by CleanTalk. Haz clic para decodificar. Para finalizar la decodificaci\u00f3n, aseg\u00farate de que JavaScript est\u00e1 activado en tu navegador.'>in<span class=\"apbct-blur\">**<\/span>@<span class=\"apbct-blur\">*******<\/span>om.mx<\/span><\/a> o visitar nuestra p\u00e1gina de Internet <a href=\"http:\/\/www.auval.com.mx\/datospersonales\/\">http:\/\/www.auval.com.mx\/datospersonales\/<\/a>.<\/li>\n<li>Si requiere de m\u00e1s informaci\u00f3n sobre la protecci\u00f3n de sus datos personales nos puede contactar v\u00eda correo electr\u00f3nico a la siguiente direcci\u00f3n: <span \n                data-original-string='iDYzO3d910xOvdONe+uYpw==63eDp2PlBEWb0WQlUy3A\/szzDTb0l9JRcX+lgGZPdGLu20='\n                class='apbct-email-encoder'\n                title='Este contacto ha sido codificado por Anti-Spam by CleanTalk. Haz clic para decodificar. Para finalizar la decodificaci\u00f3n, aseg\u00farate de que JavaScript est\u00e1 activado en tu navegador.'>in<span class=\"apbct-blur\">**<\/span>@<span class=\"apbct-blur\">*******<\/span>om.mx<\/span>, o comunic\u00e1ndose al tel\u00e9fono 01 664 615-7127.<\/li>\n<li>Usted puede consultar nuestro Aviso de Privacidad a trav\u00e9s de nuestra p\u00e1gina <a href=\"http:\/\/www.auval.com.mx\/notas\/\">www.auval.com.mx\/notas\/<\/a><\/li>\n<li><b>MODIFICACIONES AL AVISO DE PRIVACIDAD<\/b>: Nos reservamos el derecho de efectuar en cualquier momento modificaciones o actualizaciones al presente aviso de privacidad, para la atenci\u00f3n de novedades legislativas, pol\u00edticas internas o nuevos requerimientos para la prestaci\u00f3n u ofrecimiento de nuestros servicios o productos. Usted tendr\u00e1 acceso a estos cambios a trav\u00e9s de nuestra p\u00e1gina.<\/li>\n<\/ul>\n<p>Si usted considera que su derecho de protecci\u00f3n de datos personales ha sido lesionado por alguna conducta de nuestros empleados o de nuestras actuaciones o respuestas, presume que en el tratamiento de sus datos personales existe alguna violaci\u00f3n a las disposiciones previstas en la Ley Federal de Protecci\u00f3n de Datos Personales en Posesi\u00f3n de los Particulares, podr\u00e1 interponer la queja o denuncia correspondiente ante el IFAI, para mayor informaci\u00f3n visite <a href=\"http:\/\/www.ifai.org.mx\">www.ifai.org.mx<\/a>.<\/p>\n","protected":false},"excerpt":{"rendered":"<p>AVISO DE PRIVACIDAD DE DATOS PERSONALES Performance Focus and Development SC (Auval) est\u00e1 comprometido con la protecci\u00f3n de sus datos personales, al ser responsable de su uso, manejo y confidencialidad, en apego a la Ley Federal de Protecci\u00f3n de Datos &hellip;<\/p>\n<p class=\"read-more\"> <a class=\"more-link\" href=\"https:\/\/auval.com.mx\/blog\/aviso-de-privacidad\/\"> <span class=\"screen-reader-text\">Aviso de privacidad<\/span> Leer m\u00e1s \u00bb<\/a><\/p>\n","protected":false},"author":1,"featured_media":0,"parent":0,"menu_order":0,"comment_status":"closed","ping_status":"closed","template":"","meta":{"footnotes":""},"class_list":["post-1222","page","type-page","status-publish","hentry"],"_links":{"self":[{"href":"https:\/\/auval.com.mx\/blog\/wp-json\/wp\/v2\/pages\/1222","targetHints":{"allow":["GET"]}}],"collection":[{"href":"https:\/\/auval.com.mx\/blog\/wp-json\/wp\/v2\/pages"}],"about":[{"href":"https:\/\/auval.com.mx\/blog\/wp-json\/wp\/v2\/types\/page"}],"author":[{"embeddable":true,"href":"https:\/\/auval.com.mx\/blog\/wp-json\/wp\/v2\/users\/1"}],"replies":[{"embeddable":true,"href":"https:\/\/auval.com.mx\/blog\/wp-json\/wp\/v2\/comments?post=1222"}],"version-history":[{"count":0,"href":"https:\/\/auval.com.mx\/blog\/wp-json\/wp\/v2\/pages\/1222\/revisions"}],"wp:attachment":[{"href":"https:\/\/auval.com.mx\/blog\/wp-json\/wp\/v2\/media?parent=1222"}],"curies":[{"name":"wp","href":"https:\/\/api.w.org\/{rel}","templated":true}]}}