{"id":1224,"date":"2013-05-07T15:28:12","date_gmt":"2013-05-07T23:28:12","guid":{"rendered":"http:\/\/www.auval.com.mx\/notas\/?page_id=1224"},"modified":"2013-05-07T15:28:12","modified_gmt":"2013-05-07T23:28:12","slug":"datospersonales","status":"publish","type":"page","link":"https:\/\/auval.com.mx\/blog\/datospersonales\/","title":{"rendered":"Para eliminar sus datos personales"},"content":{"rendered":"<p>Para eliminar sus datos personales, por favor env\u00ede un correo a <span \n                data-original-string='RBkxWMdvFr+LFcXQrRtiWA==63eZKT33h7i36YFI1clbi0QAMEV1iFbwnoy3rkiMnbFiT8='\n                class='apbct-email-encoder'\n                title='Este contacto ha sido codificado por Anti-Spam by CleanTalk. Haz clic para decodificar. Para finalizar la decodificaci\u00f3n, aseg\u00farate de que JavaScript est\u00e1 activado en tu navegador.'>in<span class=\"apbct-blur\">**<\/span>@<span class=\"apbct-blur\">*******<\/span>om.mx<\/span> mencionando qu\u00e9 datos personales quiere que eliminemos.<\/p>\n<p>Le daremos respuesta a su petici\u00f3n en un plazo no mayor a dos semanas.<\/p>\n<p>Para eliminar su nombre de nuestras listas de distribuci\u00f3n, por favor utilice los enlaces que aparecen en la parte inferior del correo recibido, ya que nuestra publicidad la elabora Morzan Corporation, y no tenemos control sobre sus listas de distribuci\u00f3n m\u00e1s all\u00e1 de oprimir la liga que aparece en la parte inferior del correo.<\/p>\n","protected":false},"excerpt":{"rendered":"<p>Para eliminar sus datos personales, por favor env\u00ede un correo a in**@*******om.mx mencionando qu\u00e9 datos personales quiere que eliminemos. Le daremos respuesta a su petici\u00f3n en un plazo no mayor a dos semanas. Para eliminar su nombre de nuestras listas &hellip;<\/p>\n<p class=\"read-more\"> <a class=\"more-link\" href=\"https:\/\/auval.com.mx\/blog\/datospersonales\/\"> <span class=\"screen-reader-text\">Para eliminar sus datos personales<\/span> Leer m\u00e1s \u00bb<\/a><\/p>\n","protected":false},"author":1,"featured_media":0,"parent":0,"menu_order":0,"comment_status":"closed","ping_status":"closed","template":"","meta":{"footnotes":""},"class_list":["post-1224","page","type-page","status-publish","hentry"],"_links":{"self":[{"href":"https:\/\/auval.com.mx\/blog\/wp-json\/wp\/v2\/pages\/1224","targetHints":{"allow":["GET"]}}],"collection":[{"href":"https:\/\/auval.com.mx\/blog\/wp-json\/wp\/v2\/pages"}],"about":[{"href":"https:\/\/auval.com.mx\/blog\/wp-json\/wp\/v2\/types\/page"}],"author":[{"embeddable":true,"href":"https:\/\/auval.com.mx\/blog\/wp-json\/wp\/v2\/users\/1"}],"replies":[{"embeddable":true,"href":"https:\/\/auval.com.mx\/blog\/wp-json\/wp\/v2\/comments?post=1224"}],"version-history":[{"count":0,"href":"https:\/\/auval.com.mx\/blog\/wp-json\/wp\/v2\/pages\/1224\/revisions"}],"wp:attachment":[{"href":"https:\/\/auval.com.mx\/blog\/wp-json\/wp\/v2\/media?parent=1224"}],"curies":[{"name":"wp","href":"https:\/\/api.w.org\/{rel}","templated":true}]}}