{"id":349,"date":"2011-05-06T08:15:57","date_gmt":"2011-05-06T16:15:57","guid":{"rendered":"http:\/\/www.auval.com.mx\/notas\/?page_id=349"},"modified":"2011-05-06T08:15:57","modified_gmt":"2011-05-06T16:15:57","slug":"acerca-de-auval","status":"publish","type":"page","link":"https:\/\/auval.com.mx\/blog","title":{"rendered":"<strong><span style=\"color: #ff6600;\">Acerca de Nosotros<\/span><\/strong>"},"content":{"rendered":"<p>En <strong><span style=\"color: #ff6600;\">Performance Focus and Development SC <\/span><\/strong>contamos con una amplia experiencia en Compras, Inform\u00e1tica, Finanzas, Calidad, Patentes y Administraci\u00f3n de Proyectos, as\u00ed como alianzas estrat\u00e9gicas para atender sus necesidades en forma integral y ayudarle a cumplir sus objetivos.<\/p>\n<p>Proporcionamos cursos y asesor\u00edas personalizadas, de acuerdo a sus requerimientos, para que consiga alcanzar sus metas profesionales y organizacionales, con nuestro m\u00e9todo <strong><span style=\"color: #ff6600;\">Auval \u00ae, <\/span><\/strong><span style=\"color: #ff6600;\"><span style=\"color: #000000;\">nuestras soluciones se pueden aplicar <\/span><\/span><span style=\"color: #000000;\">inmediatamente<\/span>, y garantizamos que quedar\u00e1 satisfecho.<\/p>\n<p>Ll\u00e1menos al <strong><span style=\"color: #ff6600;\">(664) 976-1685<\/span><\/strong>\u00a0o escr\u00edbanos a <a ><span \n                data-original-string='ScJYHgMYNtlp8\/EIJ72ZDw==63eP5\/SBcpi6Y0gwk\/YIRlOF07N0Tf1fP6bNvD4vBtK+4w='\n                class='apbct-email-encoder'\n                title='Este contacto ha sido codificado por Anti-Spam by CleanTalk. Haz clic para decodificar. Para finalizar la decodificaci\u00f3n, aseg\u00farate de que JavaScript est\u00e1 activado en tu navegador.'>in<span class=\"apbct-blur\">**<\/span>@<span class=\"apbct-blur\">*******<\/span>om.mx<\/span><\/a>.<\/p>\n<p><a href=\"http:\/\/www.auval.com.mx\/notas\/acerca-de-auval\/logo-auval-fondo-transp-copy\/\" rel=\"attachment wp-att-942\"><img loading=\"lazy\" decoding=\"async\" class=\"aligncenter size-full wp-image-942\" title=\"Logo Auval\" src=\"http:\/\/www.auval.com.mx\/notas\/wp-content\/uploads\/Logo-Auval-fondo-transp-copy.png\" alt=\"\" width=\"724\" height=\"257\" \/><\/a><\/p>\n<p><span style=\"color: #ff0000; text-decoration: underline;\"><strong>Para ver los art\u00edculos, por favor seleccione un tema en el men\u00fa de la primera l\u00ednea (hasta arriba) o a la derecha.<\/strong><\/span><\/p>\n","protected":false},"excerpt":{"rendered":"<p>En Performance Focus and Development SC contamos con una amplia experiencia en Compras, Inform\u00e1tica, Finanzas, Calidad, Patentes y Administraci\u00f3n de Proyectos, as\u00ed como alianzas estrat\u00e9gicas para atender sus necesidades en forma integral y ayudarle a cumplir sus objetivos. Proporcionamos cursos &hellip;<\/p>\n<p class=\"read-more\"> <a class=\"more-link\" href=\"https:\/\/auval.com.mx\/blog\/\"> <span class=\"screen-reader-text\"><strong><span style=\"color: #ff6600;\">Acerca de Nosotros<\/span><\/strong><\/span> Leer m\u00e1s \u00bb<\/a><\/p>\n","protected":false},"author":1,"featured_media":0,"parent":0,"menu_order":0,"comment_status":"closed","ping_status":"closed","template":"","meta":{"footnotes":""},"class_list":["post-349","page","type-page","status-publish","hentry"],"_links":{"self":[{"href":"https:\/\/auval.com.mx\/blog\/wp-json\/wp\/v2\/pages\/349","targetHints":{"allow":["GET"]}}],"collection":[{"href":"https:\/\/auval.com.mx\/blog\/wp-json\/wp\/v2\/pages"}],"about":[{"href":"https:\/\/auval.com.mx\/blog\/wp-json\/wp\/v2\/types\/page"}],"author":[{"embeddable":true,"href":"https:\/\/auval.com.mx\/blog\/wp-json\/wp\/v2\/users\/1"}],"replies":[{"embeddable":true,"href":"https:\/\/auval.com.mx\/blog\/wp-json\/wp\/v2\/comments?post=349"}],"version-history":[{"count":0,"href":"https:\/\/auval.com.mx\/blog\/wp-json\/wp\/v2\/pages\/349\/revisions"}],"wp:attachment":[{"href":"https:\/\/auval.com.mx\/blog\/wp-json\/wp\/v2\/media?parent=349"}],"curies":[{"name":"wp","href":"https:\/\/api.w.org\/{rel}","templated":true}]}}